{"id":12,"date":"2018-03-23T09:02:27","date_gmt":"2018-03-23T09:02:27","guid":{"rendered":"http:\/\/dbs-c.de\/?page_id=12"},"modified":"2023-02-07T16:23:34","modified_gmt":"2023-02-07T16:23:34","slug":"arbeitsfelder","status":"publish","type":"page","link":"https:\/\/dbs-c.de\/?page_id=12","title":{"rendered":"Don Bosco Haus Chemnitz"},"content":{"rendered":"<p>Die wertvolle Arbeit des Don Bosco Hauses m\u00f6chten wir in ganzer Breite unterst\u00fctzen. Seit 1991 schon leisten die Salesianer Don Boscos in Chemnitz einen wichtigen Beitrag der Kinder- und Jugendhilfe in Chemnitz. Heute bieten dort die \u00fcber 30 Mitarbeiter eine Vielzahl p\u00e4dagogischer Projekte an:<\/p>\n<ul>\n<li>Offene Kinder- und Jugendarbeit<\/li>\n<li>Kinder- und Jugendzirkus &#8222;Birikino&#8220;<\/li>\n<li>Hilfe f\u00fcr junge Familien<\/li>\n<li>Hilfen zur Erziehung<\/li>\n<li>Schulsozialarbeit<\/li>\n<li>\u201eStartklar in die Zukunft\u201c <span style=\"font-size: small;\">(mit dem Jobcenter Chemnitz)<\/span><\/li>\n<\/ul>\n<p><img loading=\"lazy\" decoding=\"async\" class=\"alignnone wp-image-38 size-full\" src=\"http:\/\/dbs-c.de\/wp-content\/uploads\/2018\/03\/cropped-IMG_1826-Hintergrund.jpg\" alt=\"\" width=\"1500\" height=\"405\" srcset=\"https:\/\/dbs-c.de\/wp-content\/uploads\/2018\/03\/cropped-IMG_1826-Hintergrund.jpg 1500w, https:\/\/dbs-c.de\/wp-content\/uploads\/2018\/03\/cropped-IMG_1826-Hintergrund-300x81.jpg 300w, https:\/\/dbs-c.de\/wp-content\/uploads\/2018\/03\/cropped-IMG_1826-Hintergrund-600x162.jpg 600w, https:\/\/dbs-c.de\/wp-content\/uploads\/2018\/03\/cropped-IMG_1826-Hintergrund-768x207.jpg 768w, https:\/\/dbs-c.de\/wp-content\/uploads\/2018\/03\/cropped-IMG_1826-Hintergrund-1024x276.jpg 1024w, https:\/\/dbs-c.de\/wp-content\/uploads\/2018\/03\/cropped-IMG_1826-Hintergrund-648x175.jpg 648w, https:\/\/dbs-c.de\/wp-content\/uploads\/2018\/03\/cropped-IMG_1826-Hintergrund-583x157.jpg 583w\" sizes=\"auto, (max-width: 1500px) 100vw, 1500px\" \/><\/p>\n<p><span style=\"color: #ffffff;\">.<\/span><\/p>\n<blockquote>\n<p>Pater Albert Krottenthaler (Einrichtungsleiter): \u201eKernanliegen unseres Engagements ist es, Kinder und junge Menschen mit ihren Familien \u2013 unabh\u00e4ngig von Herkunft und Weltanschauung &#8211; zu begleiten, sie zu f\u00f6rdern und ihnen zu einem gelingenden Leben zu verhelfen. Unser besonderes Augenmerk gilt denen, die wegen ihrer wirtschaftlichen, sozialen und kulturellen Lebensumst\u00e4nde noch viel aufholen m\u00fcssen und dabei bedingungslose Zuwendung brauchen. \u00dcberraschend sind ihre Begabungen, ihr Mut, ihre Verhaltensoriginalit\u00e4t und Treue. Mit unserer Arbeit wollen wir die Begeisterung Don Boscos f\u00fcr Kinder und Jugendliche sp\u00fcrbar werden lassen. Wir verstehen unsere Angebote nicht als vereinzelte S\u00e4ulen, sondern als Tragwerk eines Hauses, unter dem sich junge Menschen geborgen f\u00fchlen k\u00f6nnen.\u201c<\/p>\n<\/blockquote>\n\n\n<p><mark style=\"background-color:rgba(0, 0, 0, 0)\" class=\"has-inline-color has-vivid-red-color\">Aufgrund von Umstrukturierungen finden Sie Informationen zum Don Bosco Haus Chemnitz zur Zeit hier: <\/mark><a href=\"https:\/\/www.donbosco-sachsen.de\/Kinder-Jugend-Familie\/Ambulante-Jugendhilfe-Jugendsozialarbeit\" target=\"_blank\" rel=\"noreferrer noopener\">https:\/\/www.donbosco-sachsen.de\/Kinder-Jugend-Familie\/Ambulante-Jugendhilfe-Jugendsozialarbeit<\/a><\/p>\n\n\n\n<p><\/p>\n","protected":false},"excerpt":{"rendered":"<p>Die wertvolle Arbeit des Don Bosco Hauses m\u00f6chten wir in ganzer Breite unterst\u00fctzen. Seit 1991 schon leisten die Salesianer Don Boscos in Chemnitz einen wichtigen Beitrag der Kinder- und Jugendhilfe in Chemnitz. Heute bieten dort die \u00fcber 30 Mitarbeiter eine Vielzahl p\u00e4dagogischer Projekte an: Offene Kinder- und Jugendarbeit Kinder- und Jugendzirkus &#8222;Birikino&#8220; Hilfe f\u00fcr junge [&hellip;]<\/p>\n","protected":false},"author":1,"featured_media":6,"parent":0,"menu_order":0,"comment_status":"closed","ping_status":"closed","template":"","meta":{"footnotes":""},"class_list":["post-12","page","type-page","status-publish","has-post-thumbnail","czr-hentry"],"_links":{"self":[{"href":"https:\/\/dbs-c.de\/index.php?rest_route=\/wp\/v2\/pages\/12","targetHints":{"allow":["GET"]}}],"collection":[{"href":"https:\/\/dbs-c.de\/index.php?rest_route=\/wp\/v2\/pages"}],"about":[{"href":"https:\/\/dbs-c.de\/index.php?rest_route=\/wp\/v2\/types\/page"}],"author":[{"embeddable":true,"href":"https:\/\/dbs-c.de\/index.php?rest_route=\/wp\/v2\/users\/1"}],"replies":[{"embeddable":true,"href":"https:\/\/dbs-c.de\/index.php?rest_route=%2Fwp%2Fv2%2Fcomments&post=12"}],"version-history":[{"count":24,"href":"https:\/\/dbs-c.de\/index.php?rest_route=\/wp\/v2\/pages\/12\/revisions"}],"predecessor-version":[{"id":875,"href":"https:\/\/dbs-c.de\/index.php?rest_route=\/wp\/v2\/pages\/12\/revisions\/875"}],"wp:featuredmedia":[{"embeddable":true,"href":"https:\/\/dbs-c.de\/index.php?rest_route=\/wp\/v2\/media\/6"}],"wp:attachment":[{"href":"https:\/\/dbs-c.de\/index.php?rest_route=%2Fwp%2Fv2%2Fmedia&parent=12"}],"curies":[{"name":"wp","href":"https:\/\/api.w.org\/{rel}","templated":true}]}}