{"id":622,"date":"2020-11-25T15:33:46","date_gmt":"2020-11-25T15:33:46","guid":{"rendered":"http:\/\/dbs-c.de\/?page_id=622"},"modified":"2024-06-02T19:14:32","modified_gmt":"2024-06-02T19:14:32","slug":"allgemeine-geschaeftsbedingungen","status":"publish","type":"page","link":"https:\/\/dbs-c.de\/?page_id=622","title":{"rendered":"Allgemeine Gesch\u00e4ftsbedingungen"},"content":{"rendered":"\n<p><strong>Webshop-AGB<\/strong><\/p>\n\n\n\n<p><strong>Vertragsbedingungen im Rahmen von Kaufvertr\u00e4gen \u00fcber diese Plattform<\/strong><\/p>\n\n\n\n<p>zwischen<\/p>\n\n\n\n<p><strong>DON BOSCO STIFTUNG Chemnitz<\/strong><br>Weststra\u00dfe 16<br>09112 Chemnitz<\/p>\n\n\n\n<p>c\/o Heuking; Tel.: 0371\/ 38 20 30<\/p>\n\n\n\n<p>www.dbs-c.de<br>info@dbs-c.de<\/p>\n\n\n\n<p>, eingetragen im Stiftungsverzeichnis der Landesdirektion Sachsen unter DD21-2245\/548, vertreten durch <\/p>\n\n\n\n<h4 class=\"wp-block-heading\">Ansprechpartner<\/h4>\n\n\n\n<ul class=\"wp-block-list\">\n<li><strong>Annemarie Rott<\/strong> (Vorsitzende des Vorstandes) <a href=\"mailto:a.rott@dbs-c.de\">a.rott@dbs-c.de<\/a><\/li>\n\n\n\n<li><strong>Michael Theiss <\/strong>(stellvertretender Vorsitzender des Vorstandes ) <a href=\"mailto:m.theiss@dbs-c.de\">m.theiss@dbs-c.de<\/a><\/li>\n\n\n\n<li><strong>Erhard Mikolajczak<\/strong> (Mitglied des Vorstandes) <a href=\"mailto:e.mikolajczak@dbs-c.de\">e.mikolajczak@dbs-c.de<\/a><\/li>\n<\/ul>\n\n\n\n<p>, SteuerNr.215\/141\/06964 &#8211; im Folgenden \u201eAnbieter\u201c &#8211;<\/p>\n\n\n\n<p>und<\/p>\n\n\n\n<p>den in \u00a7&nbsp;2 des Vertrags bezeichneten Kunden &#8211; im Folgenden \u201eKunde\u201c &#8211;<\/p>\n\n\n\n<p>geschlossen werden.<\/p>\n\n\n\n<div style=\"height:100px\" aria-hidden=\"true\" class=\"wp-block-spacer\"><\/div>\n\n\n\n<p><strong>\u00a7&nbsp;1 Geltungsbereich, Begriffsbestimmungen<\/strong><\/p>\n\n\n\n<p>(1) F\u00fcr die Gesch\u00e4ftsbeziehung zwischen dem Webshopanbieter (nachfolgend \u201eAnbieter\u201c) und dem Kunden (nachfolgend \u201eKunde\u201c) gelten ausschlie\u00dflich die nachfolgenden Allgemeinen Gesch\u00e4ftsbedingungen in ihrer zum Zeitpunkt der Bestellung g\u00fcltigen Fassung. Abweichende allgemeine Gesch\u00e4ftsbedingungen des Bestellers werden nicht anerkannt, es sei denn, der Anbieter stimmt ihrer Geltung ausdr\u00fccklich schriftlich zu.<\/p>\n\n\n\n<p>(2) Der Kunde ist Verbraucher, soweit der Zweck der georderten Lieferungen und Leistungen nicht \u00fcberwiegend seiner gewerblichen oder selbst\u00e4ndigen beruflichen T\u00e4tigkeit zugerechnet werden kann. Dagegen ist Unternehmer jede nat\u00fcrliche oder juristische Person oder rechtsf\u00e4hige Personengesellschaft, die beim Abschluss des Vertrags in Aus\u00fcbung ihrer gewerblichen oder selbst\u00e4ndigen beruflichen T\u00e4tigkeit handelt.<\/p>\n\n\n\n<div style=\"height:100px\" aria-hidden=\"true\" class=\"wp-block-spacer\"><\/div>\n\n\n\n<p><strong>\u00a7&nbsp;2 Vertragsschluss<\/strong><\/p>\n\n\n\n<p>(1) Der Kunde kann aus dem Sortiment des Anbieters Produkte, insbes. CD \u201eSeasons ausw\u00e4hlen und diese \u00fcber den Button \u201ein den Warenkorb legen\u201c in einem so genannten Warenkorb sammeln. \u00dcber den Button \u201ezahlungspflichtig bestellen\u201c gibt er einen verbindlichen Antrag zum Kauf der im Warenkorb befindlichen Waren ab. Vor Abschicken der Bestellung kann der Kunde die Daten jederzeit \u00e4ndern und einsehen. Der Antrag kann jedoch nur abgegeben und \u00fcbermittelt werden, wenn der Kunde durch Klicken auf den Button \u201eAGB akzeptieren\u201c diese Vertragsbedingungen akzeptiert und dadurch in seinen Antrag aufgenommen hat.<\/p>\n\n\n\n<p>(2) Der Vertragsschluss erfolgt in deutscher Sprache.<\/p>\n\n\n\n<div style=\"height:100px\" aria-hidden=\"true\" class=\"wp-block-spacer\"><\/div>\n\n\n\n<p><strong>\u00a7&nbsp;3 Lieferung, Warenverf\u00fcgbarkeit<\/strong><\/p>\n\n\n\n<p>(1) Von uns angegebene Lieferzeiten berechnen sich vom Zeitpunkt unserer Auftragsbest\u00e4tigung, vorherige Zahlung des Kaufpreises vorausgesetzt (au\u00dfer beim Rechnungskauf). Sofern f\u00fcr die jeweilige Ware in unserem Online-Shop keine oder keine abweichende Lieferzeit angegeben ist, betr\u00e4gt sie 14 Tage.<\/p>\n\n\n\n<p>(2) Sind zum Zeitpunkt der Bestellung des Kunden keine Exemplare des von ihm ausgew\u00e4hlten Produkts verf\u00fcgbar, so teilt der Anbieter dem Kunden dies in der Auftragsbest\u00e4tigung unverz\u00fcglich mit. Ist das Produkt dauerhaft nicht lieferbar, sieht der Anbieter von einer Annahmeerkl\u00e4rung ab. Ein Vertrag kommt in diesem Fall nicht zustande.<\/p>\n\n\n\n<p>(3) Ist das vom Kunden in der Bestellung bezeichnete Produkt nur vor\u00fcbergehend nicht verf\u00fcgbar, teilt der Anbieter dem Kunden dies ebenfalls unverz\u00fcglich in der Auftragsbest\u00e4tigung mit.<\/p>\n\n\n\n<div style=\"height:100px\" aria-hidden=\"true\" class=\"wp-block-spacer\"><\/div>\n\n\n\n<p><strong>\u00a7&nbsp;4 Eigentumsvorbehalt<\/strong><\/p>\n\n\n\n<p>Bis zur vollst\u00e4ndigen Bezahlung verbleiben die gelieferten Waren im Eigentum des Anbieters.<\/p>\n\n\n\n<div style=\"height:100px\" aria-hidden=\"true\" class=\"wp-block-spacer\"><\/div>\n\n\n\n<p><strong>\u00a7&nbsp;5 Preise und Versandkosten<\/strong><\/p>\n\n\n\n<p>(1) Alle Preise, die auf der Website des Anbieters angegeben sind, verstehen sich ohne Umsatzsteuer, da die Kleinunternehmerregelung (\u00a7 19 UStG) zur Anwendung kommt..<\/p>\n\n\n\n<p>(2) Die entsprechenden Versandkosten werden dem Kunden im Bestellformular angegeben und sind vom Kunden zu tragen, soweit der Kunde nicht von seinem Widerrufsrecht Gebrauch macht.<\/p>\n\n\n\n<p>(3) Der Versand der Ware erfolgt per Postversand. Das Versandrisiko tr\u00e4gt der Anbieter, wenn der Kunde Verbraucher ist.<\/p>\n\n\n\n<p>(4) Der Kunde hat im Falle eines Widerrufs die unmittelbaren Kosten der R\u00fccksendung zu tragen.<\/p>\n\n\n\n<div style=\"height:100px\" aria-hidden=\"true\" class=\"wp-block-spacer\"><\/div>\n\n\n\n<p><strong>\u00a7&nbsp;6 Zahlungsmodalit\u00e4ten<\/strong><\/p>\n\n\n\n<p>(1) Der Kunde nimmt die Zahlung auf Rechnung vor.<\/p>\n\n\n\n<p>(2) Die Zahlung des Kaufpreises ist 15 Tage nach Rechnungserhalt f\u00e4llig. Ist die F\u00e4lligkeit der Zahlung nach dem Kalender bestimmt, so kommt der Kunde bereits durch Vers\u00e4umung des Termins in Verzug. In diesem Fall hat er dem Anbieter f\u00fcr das Jahr Verzugszinsen iHv 5&nbsp;Prozentpunkten \u00fcber dem Basiszinssatz zu zahlen.<\/p>\n\n\n\n<p>(3) Die Verpflichtung des Kunden zur Zahlung von Verzugszinsen schlie\u00dft die Geltendmachung weiterer Verzugssch\u00e4den durch den Anbieter nicht aus.<\/p>\n\n\n\n<div style=\"height:100px\" aria-hidden=\"true\" class=\"wp-block-spacer\"><\/div>\n\n\n\n<p><strong>\u00a7&nbsp;7 Sachm\u00e4ngelgew\u00e4hrleistung, Garantie<\/strong><\/p>\n\n\n\n<p>(1) Der Anbieter haftet f\u00fcr Sachm\u00e4ngel nach den hierf\u00fcr geltenden gesetzlichen Vorschriften, insbesondere \u00a7\u00a7&nbsp;434 ff. BGB. Gegen\u00fcber Unternehmern betr\u00e4gt die Gew\u00e4hrleistungsfrist auf vom Anbieter gelieferte Sachen 12&nbsp;Monate.<\/p>\n\n\n\n<p>(2) Eine zus\u00e4tzliche Garantie besteht bei den vom Anbieter gelieferten Waren nur, wenn diese ausdr\u00fccklich in der Auftragsbest\u00e4tigung zu dem jeweiligen Artikel abgegeben wurde.<\/p>\n\n\n\n<div style=\"height:100px\" aria-hidden=\"true\" class=\"wp-block-spacer\"><\/div>\n\n\n\n<p><strong>\u00a7&nbsp;8 Haftung<\/strong><\/p>\n\n\n\n<p>(1) Anspr\u00fcche des Kunden auf Schadensersatz sind ausgeschlossen. Hiervon ausgenommen sind Schadensersatzanspr\u00fcche des Kunden aus der Verletzung des Lebens, des K\u00f6rpers, der Gesundheit oder aus der Verletzung wesentlicher Vertragspflichten (Kardinalpflichten) sowie die Haftung f\u00fcr sonstige Sch\u00e4den, die auf einer vors\u00e4tzlichen oder grob fahrl\u00e4ssigen Pflichtverletzung des Anbieters, seiner gesetzlichen Vertreter oder Erf\u00fcllungsgehilfen beruhen. Wesentliche Vertragspflichten sind solche, deren Erf\u00fcllung zur Erreichung des Ziels des Vertrags notwendig ist.<\/p>\n\n\n\n<p>(2) Bei der Verletzung wesentlicher Vertragspflichten haftet der Anbieter nur auf den vertragstypischen, vorhersehbaren Schaden, wenn dieser einfach fahrl\u00e4ssig verursacht wurde, es sei denn, es handelt sich um Schadensersatzanspr\u00fcche des Kunden aus einer Verletzung des Lebens, des K\u00f6rpers oder der Gesundheit.<\/p>\n\n\n\n<p>(3) Die Einschr\u00e4nkungen der Abs.&nbsp;1 und 2 gelten auch zugunsten der gesetzlichen Vertreter und Erf\u00fcllungsgehilfen des Anbieters, wenn Anspr\u00fcche direkt gegen diese geltend gemacht werden.<\/p>\n\n\n\n<p>(4) Die sich aus Abs.&nbsp;1 und 2 ergebenden Haftungsbeschr\u00e4nkungen gelten nicht, soweit der Anbieter den Mangel arglistig verschwiegen oder eine Garantie f\u00fcr die Beschaffenheit der Sache \u00fcbernommen hat. Das gleiche gilt, soweit der Anbieter und der Kunde eine Vereinbarung \u00fcber die Beschaffenheit der Sache getroffen haben. Die Vorschriften des Produkthaftungsgesetzes bleiben unber\u00fchrt.<\/p>\n\n\n\n<div style=\"height:100px\" aria-hidden=\"true\" class=\"wp-block-spacer\"><\/div>\n\n\n\n<p><strong>\u00a7&nbsp;9 Widerrufsbelehrung<\/strong><\/p>\n\n\n\n<p>(1) Verbraucher haben bei Abschluss eines Fernabsatzgesch\u00e4fts grunds\u00e4tzlich ein gesetzliches Widerrufsrecht, \u00fcber das der Anbieter nach Ma\u00dfgabe des gesetzlichen Musters nachfolgend informiert. Die Ausnahmen vom Widerrufsrecht sind in Absatz (2) geregelt. In Absatz (3) findet sich ein Muster-Widerrufsformular.<\/p>\n\n\n\n<figure class=\"wp-block-table\"><table><tbody><tr><td><strong>Widerrufsbelehrung &nbsp; <br>Widerrufsrecht &nbsp; <\/strong><br>Sie haben das Recht, binnen vierzehn Tagen ohne Angaben von Gr\u00fcnden diesen Vertrag zu widerrufen. Die Widerrufsfrist betr\u00e4gt vierzehn Tage ab dem Tag, an dem Sie oder ein von Ihnen benannter Dritter, der nicht Bef\u00f6rderer ist, die Waren in Besitz genommen haben bzw. hat. Um Ihr Widerrufsrecht auszu\u00fcben, m\u00fcssen Sie uns, der Don Bosco Stiftung Chemnitz mittels einer eindeutigen Erkl\u00e4rung (zB ein mit der Post versandter Brief oder E-Mail) \u00fcber Ihren Entschluss, diesen Vertrag zu widerrufen, informieren. Sie k\u00f6nnen daf\u00fcr das beigef\u00fcgte Muster-Widerrufsformular verwenden, das jedoch nicht vorgeschrieben ist. Zur Wahrung der Widerrufsfrist reicht es aus, dass Sie die Mitteilung \u00fcber die Aus\u00fcbung des Widerrufsrechts vor Ablauf der Widerrufsfrist absenden. &nbsp; <br><br><strong>Folgen des Widerrufs &nbsp;<\/strong> <br>Wenn Sie diesen Vertrag widerrufen, haben wir Ihnen alle Zahlungen, die wir von Ihnen erhalten haben, einschlie\u00dflich der Lieferkosten (mit Ausnahme der zus\u00e4tzlichen Kosten, die sich daraus ergeben, dass Sie eine andere Art der Lieferung als die von uns angebotene, g\u00fcnstige Standardlieferung gew\u00e4hlt haben), unverz\u00fcglich und sp\u00e4testens binnen vierzehn Tagen ab dem Tag zur\u00fcckzuzahlen, an dem die Mitteilung \u00fcber Ihren Widerruf dieses Vertrages bei uns eingegangen ist. F\u00fcr diese R\u00fcckzahlung verwenden wir dasselbe Zahlungsmittel, das Sie bei der urspr\u00fcnglichen Transaktion eingesetzt haben, es sei denn, mit Ihnen wurde ausdr\u00fccklich etwas anderes vereinbart; in keinem Fall werden Ihnen wegen dieser R\u00fcckzahlung Entgelte berechnet. Wir k\u00f6nnen die R\u00fcckzahlung verweigern, bis wir die Ware wieder zur\u00fcckerhalten haben oder bis Sie den Nachweis erbracht haben, dass Sie die Waren zur\u00fcckgesandt haben, je nachdem, welches der fr\u00fchere Zeitpunkt ist. Sie haben die Waren unverz\u00fcglich und in jedem Fall sp\u00e4testens binnen vierzehn Tagen ab dem Tag, an dem Sie uns \u00fcber den Widerruf dieses Vertrages unterrichten, an uns zur\u00fcckzusenden oder zu \u00fcbergeben. Die Frist ist gewahrt, wenn Sie die Waren vor Ablauf der Frist von vierzehn Tagen absenden. Sie tragen die unmittelbaren Kosten der R\u00fccksendung der Waren. Sie m\u00fcssen f\u00fcr einen etwaigen Wertverlust der Waren nur aufkommen, wenn dieser Wertverlust auf einen zur Pr\u00fcfung der Beschaffenheit, Eigenschaften und Funktionsweise der Waren nicht notwendigen Umgang mit ihnen zur\u00fcckzuf\u00fchren ist.&nbsp;<\/td><\/tr><\/tbody><\/table><\/figure>\n\n\n\n<p>(2) Das Widerrufsrecht besteht nicht bei Vertr\u00e4gen zur Lieferung von Ton- oder Videoaufnahmen oder Computersoftware in einer versiegelten Packung, wenn die Versiegelung nach der Lieferung entfernt wurde.<\/p>\n\n\n\n<p>(3) \u00dcber das Muster-Widerrufsformular informiert der Anbieter nach der gesetzlichen Regelung wie folgt:<\/p>\n\n\n\n<figure class=\"wp-block-table\"><table><tbody><tr><td><strong>Muster-Widerrufsformular <\/strong>&nbsp; <br>(Wenn Sie den Vertrag widerrufen wollen, dann f\u00fcllen Sie bitte dieses Formular aus und senden Sie es zur\u00fcck.) &nbsp; \u2014 An [hier ist der Name, die Anschrift und gegebenenfalls die Faxnummer und E-Mail-Adresse des Unternehmers durch den Unternehmer einzuf\u00fcgen]: \u2014 Hiermit widerrufe(n) ich\/wir (*) den von mir\/uns (*) abgeschlossenen Vertrag \u00fcber den Kauf der folgenden Waren (*)\/ die Erbringung der folgenden Dienstleistung (*) \u2014 Bestellt am (*)\/erhalten am (*) \u2014 Name des\/der Verbraucher(s) \u2014 Anschrift des\/der Verbraucher(s) \u2014 Unterschrift des\/der Verbraucher(s) (nur bei Mitteilung auf Papier) \u2014 Datum (*) Unzutreffendes streichen&nbsp;<\/td><\/tr><\/tbody><\/table><\/figure>\n\n\n\n<div style=\"height:100px\" aria-hidden=\"true\" class=\"wp-block-spacer\"><\/div>\n\n\n\n<p><strong>\u00a7&nbsp;10 Schlussbestimmungen<\/strong><\/p>\n\n\n\n<p>(1) Auf Vertr\u00e4ge zwischen dem Anbieter und den Kunden findet das Recht der Bundesrepublik Deutschland unter Ausschluss des UN-Kaufrechts Anwendung. Die gesetzlichen Vorschriften zur Beschr\u00e4nkung der Rechtswahl und zur Anwendbarkeit zwingender Vorschriften insbes. des Staates, in dem der Kunde als Verbraucher seinen gew\u00f6hnlichen Aufenthalt hat, bleiben unber\u00fchrt.<\/p>\n\n\n\n<p>(2) Sofern es sich beim Kunden um einen Kaufmann, eine juristische Person des \u00f6ffentlichen Rechts oder um ein \u00f6ffentlich-rechtliches Sonderverm\u00f6gen handelt, ist Gerichtsstand f\u00fcr alle Streitigkeiten aus Vertragsverh\u00e4ltnissen zwischen dem Kunden und dem Anbieter der Sitz des Anbieters.<\/p>\n\n\n\n<p>(3) Der Vertrag bleibt auch bei rechtlicher Unwirksamkeit einzelner Punkte in seinen \u00fcbrigen Teilen verbindlich. Anstelle der unwirksamen Punkte treten, soweit vorhanden, die gesetzlichen Vorschriften. Soweit dies f\u00fcr eine Vertragspartei eine unzumutbare H\u00e4rte darstellen w\u00fcrde, wird der Vertrag jedoch im Ganzen unwirksam.<\/p>\n","protected":false},"excerpt":{"rendered":"<p>Webshop-AGB Vertragsbedingungen im Rahmen von Kaufvertr\u00e4gen \u00fcber diese Plattform zwischen DON BOSCO STIFTUNG ChemnitzWeststra\u00dfe 1609112 Chemnitz c\/o Heuking; Tel.: 0371\/ 38 20 30 www.dbs-c.deinfo@dbs-c.de , eingetragen im Stiftungsverzeichnis der Landesdirektion Sachsen unter DD21-2245\/548, vertreten durch Ansprechpartner , SteuerNr.215\/141\/06964 &#8211; im Folgenden \u201eAnbieter\u201c &#8211; und den in \u00a7&nbsp;2 des Vertrags bezeichneten Kunden &#8211; im Folgenden \u201eKunde\u201c [&hellip;]<\/p>\n","protected":false},"author":1,"featured_media":0,"parent":0,"menu_order":0,"comment_status":"closed","ping_status":"closed","template":"","meta":{"footnotes":""},"class_list":["post-622","page","type-page","status-publish","czr-hentry"],"_links":{"self":[{"href":"https:\/\/dbs-c.de\/index.php?rest_route=\/wp\/v2\/pages\/622","targetHints":{"allow":["GET"]}}],"collection":[{"href":"https:\/\/dbs-c.de\/index.php?rest_route=\/wp\/v2\/pages"}],"about":[{"href":"https:\/\/dbs-c.de\/index.php?rest_route=\/wp\/v2\/types\/page"}],"author":[{"embeddable":true,"href":"https:\/\/dbs-c.de\/index.php?rest_route=\/wp\/v2\/users\/1"}],"replies":[{"embeddable":true,"href":"https:\/\/dbs-c.de\/index.php?rest_route=%2Fwp%2Fv2%2Fcomments&post=622"}],"version-history":[{"count":7,"href":"https:\/\/dbs-c.de\/index.php?rest_route=\/wp\/v2\/pages\/622\/revisions"}],"predecessor-version":[{"id":927,"href":"https:\/\/dbs-c.de\/index.php?rest_route=\/wp\/v2\/pages\/622\/revisions\/927"}],"wp:attachment":[{"href":"https:\/\/dbs-c.de\/index.php?rest_route=%2Fwp%2Fv2%2Fmedia&parent=622"}],"curies":[{"name":"wp","href":"https:\/\/api.w.org\/{rel}","templated":true}]}}