{"id":9,"date":"2018-03-23T08:58:28","date_gmt":"2018-03-23T08:58:28","guid":{"rendered":"http:\/\/dbs-c.de\/?page_id=9"},"modified":"2025-11-19T17:33:10","modified_gmt":"2025-11-19T17:33:10","slug":"ueber-uns","status":"publish","type":"page","link":"https:\/\/dbs-c.de\/?page_id=9","title":{"rendered":"\u00dcber uns"},"content":{"rendered":"<h2>Entstehungsgeschichte und Idee<\/h2>\n<p>Die DON BOSCO STIFTUNG Chemnitz \u2013 eine Chance f\u00fcr junge Menschen ging hervor aus einer beim DON BOSCO Stiftungszentrum M\u00fcnchen gef\u00fchrten nicht rechtsf\u00e4higen Treuhandstiftung. Sie verfolgt das Ziel, das Stiftungsverm\u00f6gen ortsnah zur F\u00f6rderung des DON BOSCO Hauses in Chemnitz einzusetzen.<\/p>\n<p><img loading=\"lazy\" decoding=\"async\" class=\"alignnone wp-image-11\" src=\"http:\/\/dbs-c.de\/wp-content\/uploads\/2018\/03\/20130611-_ULF3774_Don-Bosco_Ulf-Dahl-300x200.jpg\" alt=\"\" width=\"600\" height=\"399\" srcset=\"https:\/\/dbs-c.de\/wp-content\/uploads\/2018\/03\/20130611-_ULF3774_Don-Bosco_Ulf-Dahl-300x200.jpg 300w, https:\/\/dbs-c.de\/wp-content\/uploads\/2018\/03\/20130611-_ULF3774_Don-Bosco_Ulf-Dahl-scaled-600x399.jpg 600w, https:\/\/dbs-c.de\/wp-content\/uploads\/2018\/03\/20130611-_ULF3774_Don-Bosco_Ulf-Dahl-768x511.jpg 768w, https:\/\/dbs-c.de\/wp-content\/uploads\/2018\/03\/20130611-_ULF3774_Don-Bosco_Ulf-Dahl-1024x681.jpg 1024w, https:\/\/dbs-c.de\/wp-content\/uploads\/2018\/03\/20130611-_ULF3774_Don-Bosco_Ulf-Dahl-648x431.jpg 648w, https:\/\/dbs-c.de\/wp-content\/uploads\/2018\/03\/20130611-_ULF3774_Don-Bosco_Ulf-Dahl-289x192.jpg 289w\" sizes=\"auto, (max-width: 600px) 100vw, 600px\" \/><\/p>\n<p>Die gesamten Aktivit\u00e4ten werden getragen vom Engagement f\u00fcr Demokratie, Toleranz und gesellschaftlicher Verantwortung.<\/p>\n<h4><span style=\"color: #ffffff;\">\u00a0<\/span><\/h4>\n<h2><span style=\"color: #333333;\">Gremien<\/span><\/h2>\n<p><span style=\"color: #333333;\"><div class=\"show_more\"><p class=\"wpsm-show\" style=\"color: #cc0000; font-size: 100%; text-align: left;\"> mehr<\/p><div class=\"wpsm-content\"> <\/span><\/p>\n<h3><span style=\"color: #333333;\">Vorstand<\/span><\/h3>\n<p><span style=\"color: #333333;\"><strong>Aufgaben<\/strong><\/span><\/p>\n<ul>\n<li><span style=\"color: #333333;\">die Verwaltung der Stiftung und des Stiftungsverm\u00f6gens<\/span><\/li>\n<li><span style=\"color: #333333;\">die Beschlussfassung \u00fcber die Verwendung der Ertr\u00e4gnisse<\/span><\/li>\n<\/ul>\n<p align=\"JUSTIFY\"><span style=\"color: #333333;\"><strong>Zusammensetzung<\/strong><\/span><\/p>\n<ul>\n<li>Annemarie Rott (Vorsitzende des Vorstandes)<\/li>\n<li>Michael Theiss (stellvertretender Vorsitzender des Vorstandes)<\/li>\n<li>Ulrich Smejkal (Mitglied des Vorstandes)<\/li>\n<\/ul>\n<h3>Kur<span style=\"color: #333333;\">atorium<\/span><\/h3>\n<p><span style=\"color: #333333;\"><strong>Aufgaben<\/strong><\/span><\/p>\n<ul>\n<li><span style=\"color: #333333;\">Berufung und Abberufung der Vorstandsmitglieder<\/span><\/li>\n<li><span style=\"color: #333333;\">Beratung und Unterst\u00fctzung des Vorstandes<\/span><\/li>\n<li><span style=\"color: #333333;\">Mitwirkung beim Abschluss von Rechtsgesch\u00e4ften gem\u00e4\u00df \u00a7 7 Abs. 3 der Satzung<\/span><\/li>\n<li><span style=\"color: #333333;\">Beschlussfassung \u00fcber Antr\u00e4ge an die Stiftungsbeh\u00f6rde auf Genehmigung von Satzungs\u00e4nderungen<\/span><\/li>\n<li><span style=\"color: #333333;\">Aufhebung der Stiftung<\/span><\/li>\n<\/ul>\n<p><span style=\"color: #333333;\"><strong>Zusammensetzung<\/strong><\/span><\/p>\n<ul>\n<li>Barbara Klose,<em>\u00a0Salesianische Mitarbeiterin Don Boscos (SMDB) und \u00dcbersetzerin, Vorsitzende<\/em><\/li>\n<li>Uwe Gr\u00fcner,\u00a0<em>Elektroingenieur, stellv. Vorsitzender<\/em><\/li>\n<li>Pater Albert Krottenthaler (SDB),\u00a0<em>Ordenspriester und Leiter des Don Bosco Hauses<\/em><\/li>\n<li>Thomas Aurich, <em>Ruhest\u00e4ndler, ehemaliger Mediziner<\/em><\/li>\n<li>Nancy Gibson, <em>Leiterin der St\u00e4dtischen Musikschule Chemnitz<\/em><\/li>\n<li>Bernhard Herrmann,\u00a0<em>ehemaliges Mitglied im Deutschen Bundestag<\/em><\/li>\n<\/ul>\n<p> <p class=\"wpsm-hide\" style=\"color: #cc0000; font-size: 100%; text-align: left;\"> weniger<\/p><\/div><\/div><\/p>\n<h2><span style=\"color: #ffffff;\">.<\/span><\/h2>\n<h2>Satzung (Auszug)<\/h2>\n<div class=\"show_more\"><p class=\"wpsm-show\" style=\"color: #cc0000; font-size: 100%; text-align: left;\"> mehr<\/p><div class=\"wpsm-content\"><br \/>\n<strong>\u00a7 2<\/strong><\/p>\n<p><strong>(1)<\/strong> <strong>Zweck<\/strong> <strong>der Stiftung<\/strong> ist die Beschaffung und Weiterleitung von Mitteln zur F\u00f6rderung der Bildung und Erziehung sowie der F\u00f6rderung der Jugendhilfe durch eine andere steuerbeg\u00fcnstigte K\u00f6rperschaft des \u00f6ffentlichen Rechts, diese Mittel zur Verwirklichung ihrer steuerbeg\u00fcnstigten Zwecke zu verwenden hat.<\/p>\n<p>Dieser Satzungszweck wird insbesondere verwirklicht durch Weiterleitung der Mittel an das DON BOSCO HAUS Chemnitz, Ludwig-Kirsch-Stra\u00dfe 13, Chemnitz, dort vor allem zur<\/p>\n<p>a) F\u00f6rderung und Unterst\u00fctzung des Kinder- und Jugendzirkus &#8222;BIRIKINO&#8220;<br \/>\nb) F\u00f6rderung und Unterst\u00fctzung von Projekten f\u00fcr besonders benachteiligte bzw. gef\u00e4hrdete junge Menschen.<\/p>\n<p>Das DON BOSCO HAUS Chemnitz ist eine Einrichtung der Deutschen Provinz der Salesianer Don Boscos (Provinzialat der Salesianer Don Boscos, Landshuter Allee 11, 80637 M\u00fcnchen). Daneben kann die Stiftung auch andere steuerbeg\u00fcnstigte K\u00f6rperschaften oder juristische Personen des \u00f6ffentlichen Rechts unterst\u00fctzen.<\/p>\n<p>Zweck der Stiftung ist auch die F\u00f6rderung der Jugendhilfe, Erziehung und Berufsbildung. Dieser Zweck wird verwirklicht auch durch eigene Projekte der Stiftung f\u00fcr besonders benachteiligte bzw. gef\u00e4hrdete junge Menschen.<br \/>\n <p class=\"wpsm-hide\" style=\"color: #cc0000; font-size: 100%; text-align: left;\"> weniger<\/p><\/div><\/div>\n<h2><span style=\"color: #ffffff;\">.<\/span><\/h2>\n<h2>Rechtsf\u00e4higkeit und Gemeinn\u00fctzigkeit<\/h2>\n<div class=\"show_more\"><p class=\"wpsm-show\" style=\"color: #cc0000; font-size: 100%; text-align: left;\"> mehr<\/p><div class=\"wpsm-content\"><\/p>\n<ul>\n<li><b>Landesdirektion Sachsen<\/b>: Anerkennungsbescheid vom 24. November 2017, gef\u00fchrt im Stiftungsverzeichnis (Aktenzeichen DD21-2245\/548)<\/li>\n<li><b>Finanzamt Chemnitz-Mitte:<\/b> Die Stiftung ist lt. Freistellungsbescheid vom 28.11.2022 von der K\u00f6rperschaftsteuer und Gewerbesteuer befreit, weil sie ausschlie\u00dflich und unmittelbar steuerbeg\u00fcnstigten gemeinn\u00fctzigen Zwecken im Sinne der \u00a7\u00a7 51 AO dient (Steuernummer 215\/141\/06964). Sie f\u00f6rdert die gemeinn\u00fctzigen Zwecke der Jugendhilfe, der Erziehung sowie der Volks- und Berufsbildung einschlie\u00dflich der Studentenhilfe.&#8220;<\/li>\n<\/ul>\n<p> <p class=\"wpsm-hide\" style=\"color: #cc0000; font-size: 100%; text-align: left;\"> weniger<\/p><\/div><\/div>\n<h2><span style=\"color: #ffffff;\">.<\/span><\/h2>\n<h2>Berechtigung zum Empfang von Geldauflagen<\/h2>\n<div class=\"show_more\"><p class=\"wpsm-show\" style=\"color: #cc0000; font-size: 100%; text-align: left;\"> mehr<\/p><div class=\"wpsm-content\"><\/p>\n<p>Das Oberlandesgericht Dresden hat mit Schreiben vom 4. April 2018 (Az. E 4012-II.3.2-1\/18) mitgeteilt, dass die Stiftung in die Liste der an Geldauflagen im Strafverfahren interessierten gemeinn\u00fctzigen Einrichtungen mit einem auf den Landesgerichtsbezirk beschr\u00e4nkten Wirkungskreis aufgenommen wurde.<\/p>\n<p> <p class=\"wpsm-hide\" style=\"color: #cc0000; font-size: 100%; text-align: left;\"> weniger<\/p><\/div><\/div>\n","protected":false},"excerpt":{"rendered":"<p>Entstehungsgeschichte und Idee Die DON BOSCO STIFTUNG Chemnitz \u2013 eine Chance f\u00fcr junge Menschen ging hervor aus einer beim DON BOSCO Stiftungszentrum M\u00fcnchen gef\u00fchrten nicht rechtsf\u00e4higen Treuhandstiftung. Sie verfolgt das Ziel, das Stiftungsverm\u00f6gen ortsnah zur F\u00f6rderung des DON BOSCO Hauses in Chemnitz einzusetzen. Die gesamten Aktivit\u00e4ten werden getragen vom Engagement f\u00fcr Demokratie, Toleranz und gesellschaftlicher [&hellip;]<\/p>\n","protected":false},"author":1,"featured_media":21,"parent":0,"menu_order":0,"comment_status":"closed","ping_status":"closed","template":"","meta":{"footnotes":""},"class_list":["post-9","page","type-page","status-publish","has-post-thumbnail","czr-hentry"],"_links":{"self":[{"href":"https:\/\/dbs-c.de\/index.php?rest_route=\/wp\/v2\/pages\/9","targetHints":{"allow":["GET"]}}],"collection":[{"href":"https:\/\/dbs-c.de\/index.php?rest_route=\/wp\/v2\/pages"}],"about":[{"href":"https:\/\/dbs-c.de\/index.php?rest_route=\/wp\/v2\/types\/page"}],"author":[{"embeddable":true,"href":"https:\/\/dbs-c.de\/index.php?rest_route=\/wp\/v2\/users\/1"}],"replies":[{"embeddable":true,"href":"https:\/\/dbs-c.de\/index.php?rest_route=%2Fwp%2Fv2%2Fcomments&post=9"}],"version-history":[{"count":80,"href":"https:\/\/dbs-c.de\/index.php?rest_route=\/wp\/v2\/pages\/9\/revisions"}],"predecessor-version":[{"id":942,"href":"https:\/\/dbs-c.de\/index.php?rest_route=\/wp\/v2\/pages\/9\/revisions\/942"}],"wp:featuredmedia":[{"embeddable":true,"href":"https:\/\/dbs-c.de\/index.php?rest_route=\/wp\/v2\/media\/21"}],"wp:attachment":[{"href":"https:\/\/dbs-c.de\/index.php?rest_route=%2Fwp%2Fv2%2Fmedia&parent=9"}],"curies":[{"name":"wp","href":"https:\/\/api.w.org\/{rel}","templated":true}]}}