{"id":713,"date":"2021-03-11T17:13:37","date_gmt":"2021-03-11T17:13:37","guid":{"rendered":"https:\/\/dbs-c.de\/?post_type=product&#038;p=713"},"modified":"2021-03-22T12:22:08","modified_gmt":"2021-03-22T12:22:08","slug":"benefiz-album-seasons-of-hope-als-mp3","status":"publish","type":"product","link":"https:\/\/dbs-c.de\/?product=benefiz-album-seasons-of-hope-als-mp3","title":{"rendered":"Benefiz-Album \u201eSeasons of hope\u201c als MP3-Download"},"content":{"rendered":"<p>Dr. Jeffrey Goldberg, Mitglied der Chemnitzer Oper und gesch\u00e4tzt als Komponist, Dirigent und Pianist, hat Klavierimprovisationen eingespielt, die viele Facetten der Jugendarbeit auf dem Sonnenberg zum Klingen bringen: \u00dcberraschendes, Nachdenkliches, Heiteres und Bewegendes kommen zu Geh\u00f6r. Von der Chemnitzer K\u00fcnstlerin Veronica Seidel stammt das Design des Album-Covers.<\/p>\n<p>Eine kleine Kostprobe aus dem Album mit Bildern des Kinder- und Jugendzirkus\u00b4 \u201eBirikino\u201c k\u00f6nnen Sie <a href=\"http:\/\/www.youtube.com\/watch?v=D0mllHTuOjQ\" target=\"_blank\" rel=\"noreferrer noopener\">in diesem Video<\/a> h\u00f6ren und sehen:<\/p>\n<figure class=\"wp-block-embed-youtube wp-block-embed is-type-video is-provider-youtube wp-embed-aspect-16-9 wp-has-aspect-ratio\">\n<div class=\"wp-block-embed__wrapper\"><iframe loading=\"lazy\" title=\"Don Bosco Stiftung Trailer Jeffrey Goldberg\" src=\"https:\/\/www.youtube.com\/embed\/D0mllHTuOjQ?feature=oembed\" width=\"1170\" height=\"658\" frameborder=\"0\" allowfullscreen=\"allowfullscreen\" data-mce-fragment=\"1\"><\/iframe><\/div>\n<\/figure>\n","protected":false},"excerpt":{"rendered":"<p>Ein Geschenk, nicht nur zu Weihnachten:<\/p>\n<p>Unser Album <em><strong>\u201eSeasons of hope<\/strong><\/em>\u201c macht in besonderer Weise Chemnitz als Ort vitaler Kultur, als Sitz der Don Bosco Stiftung und als Chance f\u00fcr Kinder und Jugendliche, die im Don Bosco Haus (<a href=\"http:\/\/www.dbh-chemnitz.de\" target=\"_blank\" rel=\"noopener noreferrer\">www.dbh-chemnitz.de<\/a>) auf dem Sonnenberg ihre Begabungen entdecken und ihren Selbstwert st\u00e4rken k\u00f6nnen, erlebbar.<\/p>\n<p>Der Verkaufspreis wird in vollem Umfang f\u00fcr die Stiftungszwecke verwendet. Mit jedem verkauften Album wird das Anliegen der Stiftung nicht nur materiell unterst\u00fctzt, sondern auch weiter in die \u00d6ffentlichkeit getragen.<\/p>\n<p>Wenn Sie das Album zum Download kaufen, setzen Sie sich zugunsten der Jugendarbeit auf dem Sonnenberg ein. Zugleich schicken Sie einen ganz besonderen musikalischen Gru\u00df aus Chemnitz, der Kulturhauptstadt 2025. Sie helfen, \u201e<em>all die Leute und Orte sichtbar zu machen, die man nicht sieht, und damit ein Chemnitz, das in Europa \u2013 noch \u2013 keiner auf dem Schirm hat<\/em>\u201c (so das Chemnitzer Bewerbungsteam zur Kulturhauptstadt).<\/p>\n<p><span style=\"color: #ff0000;\">Hinweis zum Kauf: Der Downloadlink wird nach Bezahlung (Rechnung oder PayPal) zugesandt. Bei Erwerben ausserhalb von Deutschland sind die Angaben &#8222;Versand und Land\/Region&#8220; im Kassenbereich nicht zu beachten und in diesem Fall ist eine Bezahlung nur mit PayPal m\u00f6glich.<br \/>\n<\/span><\/p>\n<div class=\"default-style\"><\/div>\n<div><span style=\"color: #0000ff;\">Note on purchase: The download link will be sent after payment (invoice or PayPal). For purchases outside of Germany, the following information \u201cVersand und Land\/Region\u201d [Shipment and Country\/State] in the order-forms does not have to be filled-out.\u00a0 In that case we accept only PayPal payment.<\/span><\/div>\n<p>&nbsp;<\/p>\n","protected":false},"featured_media":754,"template":"","meta":[],"product_brand":[],"product_cat":[24],"product_tag":[],"class_list":{"0":"post-713","1":"product","2":"type-product","3":"status-publish","4":"has-post-thumbnail","6":"product_cat-benefiz-verkauf","7":"product_shipping_class-download","9":"first","10":"instock","11":"downloadable","12":"sold-individually","13":"shipping-taxable","14":"purchasable","15":"product-type-simple","16":"czr-hentry"},"_links":{"self":[{"href":"https:\/\/dbs-c.de\/index.php?rest_route=\/wp\/v2\/product\/713","targetHints":{"allow":["GET"]}}],"collection":[{"href":"https:\/\/dbs-c.de\/index.php?rest_route=\/wp\/v2\/product"}],"about":[{"href":"https:\/\/dbs-c.de\/index.php?rest_route=\/wp\/v2\/types\/product"}],"wp:featuredmedia":[{"embeddable":true,"href":"https:\/\/dbs-c.de\/index.php?rest_route=\/wp\/v2\/media\/754"}],"wp:attachment":[{"href":"https:\/\/dbs-c.de\/index.php?rest_route=%2Fwp%2Fv2%2Fmedia&parent=713"}],"wp:term":[{"taxonomy":"product_brand","embeddable":true,"href":"https:\/\/dbs-c.de\/index.php?rest_route=%2Fwp%2Fv2%2Fproduct_brand&post=713"},{"taxonomy":"product_cat","embeddable":true,"href":"https:\/\/dbs-c.de\/index.php?rest_route=%2Fwp%2Fv2%2Fproduct_cat&post=713"},{"taxonomy":"product_tag","embeddable":true,"href":"https:\/\/dbs-c.de\/index.php?rest_route=%2Fwp%2Fv2%2Fproduct_tag&post=713"}],"curies":[{"name":"wp","href":"https:\/\/api.w.org\/{rel}","templated":true}]}}